{"id":89,"date":"2021-12-15T13:03:09","date_gmt":"2021-12-15T12:03:09","guid":{"rendered":"http:\/\/piwjar.pl\/?page_id=89"},"modified":"2021-12-17T10:16:24","modified_gmt":"2021-12-17T09:16:24","slug":"struktura-organizacyjna","status":"publish","type":"page","link":"https:\/\/www.piwjar.pl\/?page_id=89","title":{"rendered":"Struktura organizacyjna"},"content":{"rendered":"<table border=\"0\" cellspacing=\"0\" cellpadding=\"0\">\n<tbody>\n<tr>\n<td><strong>Lp.<\/strong><\/td>\n<td><strong>Nazwa\u00a0 zespo\u0142u\u00a0 lub\u00a0 samodzielnego\u00a0 stanowiska\u00a0 pracy<\/strong><\/td>\n<td><strong>Nazwa\u00a0 kom\u00f3rki\u00a0 organizacyjnej\u00a0 lub stanowiska<\/strong><\/td>\n<td><strong>Symbol\u00a0 literowy<\/strong><\/td>\n<\/tr>\n<tr>\n<td>&nbsp;<\/p>\n<p>1.<\/td>\n<td><strong><em>\u00a0<\/em><\/strong><\/p>\n<p><strong><em>Powiatowy\u00a0 Lekarz\u00a0 Weterynarii<\/em><\/strong><\/td>\n<td><em>\u00a0<\/em><\/p>\n<p><em>Powiatowy Lekarz\u00a0 Weterynarii<\/em><\/td>\n<td><strong>\u00a0<\/strong><\/p>\n<p><strong>PIW.plw.<\/strong><\/td>\n<\/tr>\n<tr>\n<td rowspan=\"3\">&nbsp;<\/p>\n<p>2.<\/td>\n<td rowspan=\"3\"><strong><em>\u00a0<\/em><\/strong><\/p>\n<p><strong><em>Zesp\u00f3\u0142\u00a0 ds. zdrowia i ochrony zwierz\u0105t :<\/em><\/strong><\/td>\n<td><em>St. Inspektor\u00a0 wet.,<\/em><\/p>\n<p><em>\u00a0inspektor wet. ds. zdrowia i ochrony zwierz\u0105t<\/em><\/td>\n<td><strong>\u00a0<\/strong><\/p>\n<p><strong>PIW.zak.<\/strong><\/td>\n<\/tr>\n<tr>\n<td rowspan=\"2\"><em>Inspektor\u00a0 wet. ds. higieny materia\u0142u biologicznego<\/em><\/td>\n<td><strong>\u00a0<\/strong><\/p>\n<p><strong>PIW.mbiol.<\/strong><\/td>\n<\/tr>\n<tr>\n<td><strong>\u00a0<\/strong><\/td>\n<\/tr>\n<tr>\n<td rowspan=\"2\">&nbsp;<\/p>\n<p>3.<\/td>\n<td rowspan=\"2\"><strong><em>\u00a0<\/em><\/strong><\/p>\n<p><strong><em>Zesp\u00f3\u0142\u00a0 ds. bezpiecze\u0144stwa \u017cywno\u015bci, pasz\u00a0 oraz ubocznych produkt\u00f3w zwierz\u0119cych :<\/em><\/strong><\/td>\n<td><em>St. inspektor wet.,<\/em><\/p>\n<p><em>\u00a0inspektor wet. ds. bezpiecze\u0144stwa \u017cywno\u015bci<\/em><\/td>\n<td><strong>\u00a0<\/strong><\/p>\n<p><strong>PIW.hig.<\/strong><\/td>\n<\/tr>\n<tr>\n<td><em>Inspektor\u00a0 wet. ds. pasz\u00a0 i utylizacji<\/em><\/td>\n<td><strong>\u00a0<\/strong><\/p>\n<p><strong>PIW.ssz.<\/strong><\/td>\n<\/tr>\n<tr>\n<td>4.<\/td>\n<td><strong><em>Zesp\u00f3\u0142\u00a0 ds. finansowo &#8211; ksi\u0119gowych :<\/em><\/strong><\/td>\n<td><em>G\u0142\u00f3wny ksi\u0119gowy,<\/em><\/p>\n<p><em>ksi\u0119gowy<\/em><\/p>\n<p><em>\u00a0<\/em><\/td>\n<td><strong>\u00a0<\/strong><\/p>\n<p><strong>PIW.E.<\/strong><\/td>\n<\/tr>\n<tr>\n<td rowspan=\"3\">&nbsp;<\/p>\n<p>5.<\/td>\n<td rowspan=\"3\"><strong><em>\u00a0<\/em><\/strong><\/p>\n<p><strong><em>Zesp\u00f3\u0142 ds. administracyjnych :<\/em><\/strong><\/td>\n<td><em>Sekretariat\u00a0 kierownika jednostki<\/em><\/td>\n<td><strong>\u00a0<\/strong><\/p>\n<p><strong>PIW.plw.s.<\/strong><\/td>\n<\/tr>\n<tr>\n<td><em>Stanowisko\u00a0 ds. pracowniczych<\/em><\/td>\n<td><strong>\u00a0<\/strong><\/p>\n<p><strong>PIW.sp.<\/strong><\/td>\n<\/tr>\n<tr>\n<td><em>Stanowisko ds. informatyki<\/em><\/td>\n<td><strong>PIW.inf.<\/strong><\/td>\n<\/tr>\n<tr>\n<td>6.<\/td>\n<td><strong><em>Samodzielne stanowisko ds. obs\u0142ugi prawnej<\/em><\/strong><\/td>\n<td><em>\u00a0<\/em><\/p>\n<p><em>Radca prawny<\/em><\/td>\n<td><strong>\u00a0<\/strong><\/p>\n<p><strong>PIW.RP<\/strong><\/td>\n<\/tr>\n<\/tbody>\n<\/table>\n","protected":false},"excerpt":{"rendered":"<p>Lp. Nazwa\u00a0 zespo\u0142u\u00a0 lub\u00a0 samodzielnego\u00a0 stanowiska\u00a0 pracy Nazwa\u00a0 kom\u00f3rki\u00a0 organizacyjnej\u00a0 lub stanowiska Symbol\u00a0 literowy &nbsp; 1. \u00a0 Powiatowy\u00a0 Lekarz\u00a0 Weterynarii \u00a0 Powiatowy Lekarz\u00a0 Weterynarii \u00a0 PIW.plw. &nbsp; 2. \u00a0 Zesp\u00f3\u0142\u00a0 ds. zdrowia i ochrony zwierz\u0105t : St. Inspektor\u00a0 wet., \u00a0inspektor wet. ds. zdrowia i ochrony zwierz\u0105t \u00a0 PIW.zak. Inspektor\u00a0 wet. ds. higieny materia\u0142u biologicznego \u00a0&#8230;<\/p>\n","protected":false},"author":2,"featured_media":0,"parent":0,"menu_order":0,"comment_status":"closed","ping_status":"closed","template":"","meta":{"footnotes":""},"class_list":["post-89","page","type-page","status-publish","hentry"],"_links":{"self":[{"href":"https:\/\/www.piwjar.pl\/index.php?rest_route=\/wp\/v2\/pages\/89","targetHints":{"allow":["GET"]}}],"collection":[{"href":"https:\/\/www.piwjar.pl\/index.php?rest_route=\/wp\/v2\/pages"}],"about":[{"href":"https:\/\/www.piwjar.pl\/index.php?rest_route=\/wp\/v2\/types\/page"}],"author":[{"embeddable":true,"href":"https:\/\/www.piwjar.pl\/index.php?rest_route=\/wp\/v2\/users\/2"}],"replies":[{"embeddable":true,"href":"https:\/\/www.piwjar.pl\/index.php?rest_route=%2Fwp%2Fv2%2Fcomments&post=89"}],"version-history":[{"count":2,"href":"https:\/\/www.piwjar.pl\/index.php?rest_route=\/wp\/v2\/pages\/89\/revisions"}],"predecessor-version":[{"id":155,"href":"https:\/\/www.piwjar.pl\/index.php?rest_route=\/wp\/v2\/pages\/89\/revisions\/155"}],"wp:attachment":[{"href":"https:\/\/www.piwjar.pl\/index.php?rest_route=%2Fwp%2Fv2%2Fmedia&parent=89"}],"curies":[{"name":"wp","href":"https:\/\/api.w.org\/{rel}","templated":true}]}}