{"id":874,"date":"2026-02-10T13:48:19","date_gmt":"2026-02-10T12:48:19","guid":{"rendered":"https:\/\/www.piwjar.pl\/?page_id=874"},"modified":"2026-02-10T14:01:51","modified_gmt":"2026-02-10T13:01:51","slug":"lista-osob-wyznaczonych-do-wykonywania-czynnosci-w-2026r","status":"publish","type":"page","link":"https:\/\/www.piwjar.pl\/?page_id=874","title":{"rendered":"Lista os\u00f3b wyznaczonych do wykonywania czynno\u015bci w 2026r"},"content":{"rendered":"<table width=\"773\">\n<tbody>\n<tr>\n<td style=\"text-align: center;\" colspan=\"4\" width=\"773\">Lista os\u00f3b wyznaczonych do wykonywania czynno\u015bci zgodnie z art. 16 ust 1 w 2024r. ustawy z dnia 29 stycznia 2004 r., o Inspekcji Weterynaryjnej ( Dz. U. z 2024 r., poz. 12 t. j.\u00a0 ), na terenie powiatu jaros\u0142awskiego<\/td>\n<\/tr>\n<tr>\n<td>1<\/td>\n<td>lek. wet. Grzegorz Gudz<\/td>\n<td colspan=\"2\" width=\"492\">&#8211; szczepienia ochronne lub badania rozpoznawcze,<br \/>\n&#8211; sprawowanie nadzoru nad ubojem zwierz\u0105t rze\u017anych, w tym badanie przedubojowe i poubojowe, ocena mi\u0119sa i nadzoru na przestrzeganiem przepis\u00f3w o ochronie zwierz\u0105t w trakcie uboju,<br \/>\n&#8211; badanie laboratoryjne mi\u0119sa na obecno\u015b\u0107 w\u0142o\u015bni zwierz\u0105t z gatunk\u00f3w wra\u017cliwych na zara\u017cenie w\u0142o\u015bniem w miejscach predylekcyjnych.<\/td>\n<\/tr>\n<tr>\n<td>2.<\/td>\n<td>lek. wet. Krzysztof Ko\u0142odziejczyk<\/td>\n<td colspan=\"2\" width=\"492\">&#8211; sprawowanie nadzoru nad ubojem zwierz\u0105t \u201eSoko\u0142\u00f3w\u201d S.A. Oddzia\u0142 w Jaros\u0142awiu,<br \/>\n&#8211; badanie labolatoryjne mi\u0119sa na obecno\u015b\u0107 w\u0142o\u015bni,<br \/>\n&#8211; pobieranie pr\u00f3b d-o bada\u0144.<\/td>\n<\/tr>\n<tr>\n<td>3.<\/td>\n<td>lek. wet. Pawe\u0142 Kwolek<\/td>\n<td colspan=\"2\" width=\"492\">&#8211; sprawowanie nadzoru nad ubojem zwierz\u0105t \u201eSoko\u0142\u00f3w\u201d S.A. Oddzia\u0142 w Jaros\u0142awiu,<br \/>\n&#8211; badanie labolatoryjne mi\u0119sa na obecno\u015b\u0107 w\u0142o\u015bni,<br \/>\n&#8211; pobieranie pr\u00f3b do bada\u0144.<\/td>\n<\/tr>\n<tr>\n<td>4.<\/td>\n<td>lek. wet. Marek Kwiatkowski<\/td>\n<td colspan=\"2\" width=\"492\">&#8211; sprawowanie nadzoru nad ubojem zwierz\u0105t \u201eSoko\u0142\u00f3w\u201d S.A. Oddzia\u0142 w Jaros\u0142awiu,<br \/>\n&#8211; badanie labolatoryjne mi\u0119sa na obecno\u015b\u0107 w\u0142o\u015bni,<br \/>\n&#8211; pobieranie pr\u00f3b do bada\u0144.<\/td>\n<\/tr>\n<tr>\n<td>5.<\/td>\n<td>lek. wet. \u0141ukasz Paczkowski<\/td>\n<td colspan=\"2\" width=\"492\">&#8211; sprawowanie nadzoru nad ubojem zwierz\u0105t \u201eSoko\u0142\u00f3w\u201d S.A. Oddzia\u0142 w Jaros\u0142awiu,<br \/>\n&#8211; badanie labolatoryjne mi\u0119sa na obecno\u015b\u0107 w\u0142o\u015bni, pobieranie pr\u00f3b do bada\u0144.<\/td>\n<\/tr>\n<tr>\n<td>6.<\/td>\n<td>lek. wet. Micha\u0142 Szustak<\/td>\n<td colspan=\"2\" width=\"492\">&#8211; sprawowanie nadzoru nad ubojem zwierz\u0105t \u201eSoko\u0142\u00f3w\u201d S.A. Oddzia\u0142 w Jaros\u0142awiu,<br \/>\n&#8211; badanie labolatoryjne mi\u0119sa na obecno\u015b\u0107 w\u0142o\u015bni,<br \/>\n&#8211; pobieranie pr\u00f3b do bada\u0144.<\/td>\n<\/tr>\n<tr>\n<td>7.<\/td>\n<td>lek. wet. Gerard \u015aliwi\u0144ski<\/td>\n<td colspan=\"2\" width=\"492\">&#8211; sprawowanie nadzoru nad ubojem zwierz\u0105t \u201eSoko\u0142\u00f3w\u201d S.A. Oddzia\u0142 w Jaros\u0142awiu,<br \/>\n&#8211; badanie labolatoryjne mi\u0119sa na obecno\u015b\u0107 w\u0142o\u015bni,<br \/>\n&#8211; pobieranie pr\u00f3b do bada\u0144.<\/td>\n<\/tr>\n<tr>\n<td>8.<\/td>\n<td>lek. wet. S\u0142awomir \u015anie\u017cko<\/td>\n<td colspan=\"2\" width=\"492\">&#8211; sprawowanie nadzoru nad ubojem zwierz\u0105t \u201eSoko\u0142\u00f3w\u201d S.A. Oddzia\u0142 w Jaros\u0142awiu,<br \/>\n&#8211; badanie labolatoryjne mi\u0119sa na obecno\u015b\u0107 w\u0142o\u015bni,<br \/>\n&#8211; pobieranie pr\u00f3b do bada\u0144.<\/td>\n<\/tr>\n<tr>\n<td>9.<\/td>\n<td>lek. wet. Les\u0142aw Walewicz<\/td>\n<td colspan=\"2\" width=\"492\">&#8211; sprawowanie nadzoru nad ubojem zwierz\u0105t \u201eSoko\u0142\u00f3w\u201d S.A. Oddzia\u0142 w Jaros\u0142awiu,<br \/>\n&#8211; badanie labolatoryjne mi\u0119sa na obecno\u015b\u0107 w\u0142o\u015bni,<br \/>\n&#8211; pobieranie pr\u00f3b do bada\u0144.<\/td>\n<\/tr>\n<tr>\n<td>10.<\/td>\n<td>lek. wet. Janusz Wo\u017aniak<\/td>\n<td colspan=\"2\" width=\"492\">&#8211; sprawowanie nadzoru nad ubojem zwierz\u0105t \u201eSoko\u0142\u00f3w\u201d S.A. Oddzia\u0142 w Jaros\u0142awiu,<br \/>\n&#8211; badanie labolatoryjne mi\u0119sa na obecno\u015b\u0107 w\u0142o\u015bni,<br \/>\n&#8211; pobieranie pr\u00f3b do bada\u0144.<\/td>\n<\/tr>\n<tr>\n<td>11.<\/td>\n<td>lek. wet. Marek Wilk<\/td>\n<td colspan=\"2\" width=\"492\">&#8211; szczepienia ochronne lub badania rozpoznawcze,<br \/>\n&#8211; badanie zwierz\u0105t umieszczanych na rynku, przeznaczonych do wywozu oraz wystawianie \u015bwiadectw zdrowia,<br \/>\n&#8211; pobieranie pr\u00f3bek do bada\u0144,<br \/>\n&#8211; sprawowanie nadzoru nad ubojem zwierz\u0105t rze\u017anych, w tym badanie przedubojowe i poubojowe,<br \/>\n&#8211; ocena mi\u0119sa i nadz\u00f3r na przestrzeganiem przepis\u00f3w o ochronie zwierz\u0105t w trakcie uboju.<\/td>\n<\/tr>\n<tr>\n<td>12.<\/td>\n<td>lek. wet. J\u00f3zef Zabiega<\/td>\n<td colspan=\"2\" width=\"492\">&#8211; sprawowanie nadzoru nad ubojem zwierz\u0105t \u201eSoko\u0142\u00f3w\u201d S.A. Oddzia\u0142 w Jaros\u0142awiu,<br \/>\n&#8211; badanie labolatoryjne mi\u0119sa na obecno\u015b\u0107 w\u0142o\u015bni,<br \/>\n&#8211; pobieranie pr\u00f3b do bada\u0144.<\/td>\n<\/tr>\n<\/tbody>\n<\/table>\n","protected":false},"excerpt":{"rendered":"<p>Lista os\u00f3b wyznaczonych do wykonywania czynno\u015bci zgodnie z art. 16 ust 1 w 2024r. ustawy z dnia 29 stycznia 2004 r., o Inspekcji Weterynaryjnej ( Dz. U. z 2024 r., poz. 12 t. j.\u00a0 ), na terenie powiatu jaros\u0142awskiego 1 lek. wet. Grzegorz Gudz &#8211; szczepienia ochronne lub badania rozpoznawcze, &#8211; sprawowanie nadzoru nad ubojem&#8230;<\/p>\n","protected":false},"author":1,"featured_media":0,"parent":0,"menu_order":0,"comment_status":"closed","ping_status":"closed","template":"","meta":{"footnotes":""},"class_list":["post-874","page","type-page","status-publish","hentry"],"_links":{"self":[{"href":"https:\/\/www.piwjar.pl\/index.php?rest_route=\/wp\/v2\/pages\/874","targetHints":{"allow":["GET"]}}],"collection":[{"href":"https:\/\/www.piwjar.pl\/index.php?rest_route=\/wp\/v2\/pages"}],"about":[{"href":"https:\/\/www.piwjar.pl\/index.php?rest_route=\/wp\/v2\/types\/page"}],"author":[{"embeddable":true,"href":"https:\/\/www.piwjar.pl\/index.php?rest_route=\/wp\/v2\/users\/1"}],"replies":[{"embeddable":true,"href":"https:\/\/www.piwjar.pl\/index.php?rest_route=%2Fwp%2Fv2%2Fcomments&post=874"}],"version-history":[{"count":11,"href":"https:\/\/www.piwjar.pl\/index.php?rest_route=\/wp\/v2\/pages\/874\/revisions"}],"predecessor-version":[{"id":889,"href":"https:\/\/www.piwjar.pl\/index.php?rest_route=\/wp\/v2\/pages\/874\/revisions\/889"}],"wp:attachment":[{"href":"https:\/\/www.piwjar.pl\/index.php?rest_route=%2Fwp%2Fv2%2Fmedia&parent=874"}],"curies":[{"name":"wp","href":"https:\/\/api.w.org\/{rel}","templated":true}]}}