{"id":83,"date":"2021-12-15T13:01:58","date_gmt":"2021-12-15T12:01:58","guid":{"rendered":"http:\/\/piwjar.pl\/?page_id=83"},"modified":"2021-12-17T10:14:57","modified_gmt":"2021-12-17T09:14:57","slug":"rejestry","status":"publish","type":"page","link":"https:\/\/www.piwjar.pl\/?page_id=83","title":{"rendered":"Rejestry"},"content":{"rendered":"<p style=\"text-align: center;\">Powiatowy Inspektorat Weterynarii w Jaros\u0142awiu<\/p>\n<p style=\"text-align: center;\">prowadzi rejestry:<\/p>\n<p style=\"text-align: center;\">\n<p style=\"text-align: center;\">1. Rejestr Podmiot\u00f3w Prowadz\u0105cych Dzia\u0142alno\u015b\u0107 \u00a0Nadzorowan\u0105<\/p>\n<p style=\"text-align: center;\">2. Rejestr Podmiot\u00f3w Paszowych<\/p>\n<p style=\"text-align: center;\">3. Rejestr Podmiot\u00f3w wprowadzaj\u0105cych na rynek produkty pochodzenia zwierz\u0119cego.<\/p>\n<p style=\"text-align: center;\">\n<p style=\"text-align: center;\"><a href=\"https:\/\/www.wetgiw.gov.pl\/nadzor-weterynaryjny\/index\"><strong>NADZ\u00d3R WETERYNARYJNY<\/strong><\/a><\/p>\n","protected":false},"excerpt":{"rendered":"<p>Powiatowy Inspektorat Weterynarii w Jaros\u0142awiu prowadzi rejestry: 1. Rejestr Podmiot\u00f3w Prowadz\u0105cych Dzia\u0142alno\u015b\u0107 \u00a0Nadzorowan\u0105 2. Rejestr Podmiot\u00f3w Paszowych 3. Rejestr Podmiot\u00f3w wprowadzaj\u0105cych na rynek produkty pochodzenia zwierz\u0119cego. NADZ\u00d3R WETERYNARYJNY<\/p>\n","protected":false},"author":2,"featured_media":0,"parent":0,"menu_order":0,"comment_status":"closed","ping_status":"closed","template":"","meta":{"footnotes":""},"class_list":["post-83","page","type-page","status-publish","hentry"],"_links":{"self":[{"href":"https:\/\/www.piwjar.pl\/index.php?rest_route=\/wp\/v2\/pages\/83","targetHints":{"allow":["GET"]}}],"collection":[{"href":"https:\/\/www.piwjar.pl\/index.php?rest_route=\/wp\/v2\/pages"}],"about":[{"href":"https:\/\/www.piwjar.pl\/index.php?rest_route=\/wp\/v2\/types\/page"}],"author":[{"embeddable":true,"href":"https:\/\/www.piwjar.pl\/index.php?rest_route=\/wp\/v2\/users\/2"}],"replies":[{"embeddable":true,"href":"https:\/\/www.piwjar.pl\/index.php?rest_route=%2Fwp%2Fv2%2Fcomments&post=83"}],"version-history":[{"count":2,"href":"https:\/\/www.piwjar.pl\/index.php?rest_route=\/wp\/v2\/pages\/83\/revisions"}],"predecessor-version":[{"id":153,"href":"https:\/\/www.piwjar.pl\/index.php?rest_route=\/wp\/v2\/pages\/83\/revisions\/153"}],"wp:attachment":[{"href":"https:\/\/www.piwjar.pl\/index.php?rest_route=%2Fwp%2Fv2%2Fmedia&parent=83"}],"curies":[{"name":"wp","href":"https:\/\/api.w.org\/{rel}","templated":true}]}}