{"id":766,"date":"2025-01-15T14:42:56","date_gmt":"2025-01-15T13:42:56","guid":{"rendered":"https:\/\/www.piwjar.pl\/?page_id=766"},"modified":"2025-01-20T11:14:38","modified_gmt":"2025-01-20T10:14:38","slug":"lista-osob-wyznaczonych-do-wykonywania-czynnosci-w-2024r","status":"publish","type":"page","link":"https:\/\/www.piwjar.pl\/?page_id=766","title":{"rendered":"Lista os\u00f3b wyznaczonych do wykonywania czynno\u015bci w 2025r"},"content":{"rendered":"<p style=\"text-align: center;\"><strong>Lista os\u00f3b wyznaczonych do wykonywania czynno\u015bci zgodnie <\/strong><br \/>\n<strong>z art. 16 ust 1 w 2024r. ustawy z dnia 29 stycznia 2004 r., o Inspekcji Weterynaryjnej ( Dz. U. z 2024 r., poz. 12 t. j. ), na terenie powiatu jaros\u0142awskiego<\/strong><\/p>\n<p>&nbsp;<\/p>\n<table style=\"height: 1456px;\" width=\"956\">\n<tbody>\n<tr>\n<td colspan=\"4\" width=\"582\"><\/td>\n<\/tr>\n<tr>\n<td><strong>l.p.<\/strong><\/td>\n<td><strong>Imi\u0119 i nazwisko<\/strong><\/td>\n<td><strong>Rodzaj wykonywanych czynno\u015bci<\/strong><\/td>\n<td><\/td>\n<\/tr>\n<tr>\n<td>1.<\/td>\n<td><strong>lek. wet. Grzegorz Gudz<\/strong><\/td>\n<td colspan=\"2\" width=\"301\">\u2013 szczepienia ochronne lub badania rozpoznawcze,<br \/>\n&#8211; sprawowanie nadzoru nad ubojem zwierz\u0105t rze\u017anych, w tym badanie przedubojowe i poubojowe, ocena mi\u0119sa i nadz\u00f3r na przestrzeganiem przepis\u00f3w o ochronie zwierz\u0105t w trakcie uboju,<br \/>\n&#8211; badania laboratoryjne mi\u0119sa \u015bwi\u0144 i dzik\u00f3w na obecno\u015b\u0107 w\u0142o\u015bni<\/td>\n<\/tr>\n<tr>\n<td>2.<\/td>\n<td><strong>lek. wet. Krzysztof Ko\u0142odziejczyk<\/strong><\/td>\n<td colspan=\"2\" width=\"301\">\u2013 sprawowanie nadzoru nad ubojem zwierz\u0105t \u201eSoko\u0142\u00f3w\u201d S.A. Oddzia\u0142 w Jaros\u0142awiu,<br \/>\n\u2013 pobieranie pr\u00f3b do bada\u0144<\/td>\n<\/tr>\n<tr>\n<td>3.<\/td>\n<td><strong>lek. wet. Marek Kwiatkowski<\/strong><\/td>\n<td colspan=\"2\" width=\"301\">\u2013 sprawowanie nadzoru nad ubojem zwierz\u0105t \u201eSoko\u0142\u00f3w\u201d S.A. Oddzia\u0142 w Jaros\u0142awiu,<br \/>\n\u2013 pobieranie pr\u00f3b do bada\u0144<\/td>\n<\/tr>\n<tr>\n<td>4.<\/td>\n<td><strong>lek. wet. Pawe\u0142 Kwolek<\/strong><\/td>\n<td colspan=\"2\" width=\"301\">\u2013 sprawowanie nadzoru nad ubojem zwierz\u0105t \u201eSoko\u0142\u00f3w\u201d S.A. Oddzia\u0142 w Jaros\u0142awiu,<br \/>\n\u2013 pobieranie pr\u00f3b do bada\u0144<\/td>\n<\/tr>\n<tr>\n<td>5.<\/td>\n<td><strong>lek. wet. \u0141ukasz Paczkowski<\/strong><\/td>\n<td colspan=\"2\" width=\"301\">\u2013 sprawowanie nadzoru nad ubojem zwierz\u0105t \u201eSoko\u0142\u00f3w\u201d S.A. Oddzia\u0142 w Jaros\u0142awiu,<br \/>\n\u2013 pobieranie pr\u00f3b do bada\u0144<\/td>\n<\/tr>\n<tr>\n<td>6.<\/td>\n<td><strong>lek. wet. Micha\u0142 Szustak<\/strong><\/td>\n<td colspan=\"2\" width=\"301\">\u2013 sprawowanie nadzoru nad ubojem zwierz\u0105t \u201eSoko\u0142\u00f3w\u201d S.A. Oddzia\u0142 w Jaros\u0142awiu,<br \/>\n\u2013 pobieranie pr\u00f3b do bada\u0144<\/td>\n<\/tr>\n<tr>\n<td>7.<\/td>\n<td>\u00a0<strong>lek. wet. Gerard \u015aliwi\u0144ski<\/strong><\/td>\n<td colspan=\"2\" width=\"301\">\u2013 sprawowanie nadzoru nad ubojem zwierz\u0105t \u201eSoko\u0142\u00f3w\u201d S.A. Oddzia\u0142 w Jaros\u0142awiu,<br \/>\n\u2013 pobieranie pr\u00f3b do bada\u0144<\/td>\n<\/tr>\n<tr>\n<td>8.<\/td>\n<td><strong>lek. wet. S\u0142awomir \u015anie\u017cko<\/strong><\/td>\n<td colspan=\"2\" width=\"301\">\u2013 sprawowanie nadzoru nad ubojem zwierz\u0105t \u201eSoko\u0142\u00f3w\u201d S.A. Oddzia\u0142 w Jaros\u0142awiu,<br \/>\n\u2013 pobieranie pr\u00f3b do bada\u0144<\/td>\n<\/tr>\n<tr>\n<td>9.<\/td>\n<td><strong>lek. wet. Les\u0142aw Walewicz<\/strong><\/td>\n<td colspan=\"2\" width=\"301\">\u2013 sprawowanie nadzoru nad ubojem zwierz\u0105t \u201eSoko\u0142\u00f3w\u201d S.A. Oddzia\u0142 w Jaros\u0142awiu,<br \/>\n\u2013 pobieranie pr\u00f3b do bada\u0144<\/td>\n<\/tr>\n<tr>\n<td>10.<\/td>\n<td><strong>lek. wet. Marek Wilk<\/strong><\/td>\n<td colspan=\"2\" width=\"301\">&#8211; szczepienia ochronne lub badania rozpoznawcze,<br \/>\n&#8211; badanie zwierz\u0105t umieszczanych na rynku, przeznaczonych do wywozu oraz wystawianie \u015bwiadectw zdrowia,<br \/>\n&#8211; pobieranie pr\u00f3bek do bada\u0144,<br \/>\n&#8211; sprawowanie nadzoru nad ubojem zwierz\u0105t rze\u017anych, w tym badanie przedubojowe i poubojowe, ocena mi\u0119sa i nadz\u00f3r na przestrzeganiem przepis\u00f3w o ochronie zwierz\u0105t w trakcie uboju,<\/td>\n<\/tr>\n<tr>\n<td>11.<\/td>\n<td><strong>lek. wet. Janusz Wo\u017aniak<\/strong><\/td>\n<td colspan=\"2\" width=\"301\">\u2013 sprawowanie nadzoru nad ubojem zwierz\u0105t \u201eSoko\u0142\u00f3w\u201d S.A. Oddzia\u0142 w Jaros\u0142awiu,<br \/>\n\u2013 pobieranie pr\u00f3b do bada\u0144<\/td>\n<\/tr>\n<tr>\n<td>12.<\/td>\n<td><strong>lek. wet. J\u00f3zef Zabiega<\/strong><\/td>\n<td colspan=\"2\" width=\"301\">\u2013 sprawowanie nadzoru nad ubojem zwierz\u0105t \u201eSoko\u0142\u00f3w\u201d S.A. Oddzia\u0142 w Jaros\u0142awiu,<br \/>\n\u2013 pobieranie pr\u00f3b do bada\u0144<\/td>\n<\/tr>\n<tr>\n<td><\/td>\n<td><\/td>\n<td colspan=\"2\" width=\"301\"><\/td>\n<\/tr>\n<\/tbody>\n<\/table>\n<p>&nbsp;<\/p>\n","protected":false},"excerpt":{"rendered":"<p>Lista os\u00f3b wyznaczonych do wykonywania czynno\u015bci zgodnie z art. 16 ust 1 w 2024r. ustawy z dnia 29 stycznia 2004 r., o Inspekcji Weterynaryjnej ( Dz. U. z 2024 r., poz. 12 t. j. ), na terenie powiatu jaros\u0142awskiego &nbsp; l.p. Imi\u0119 i nazwisko Rodzaj wykonywanych czynno\u015bci 1. lek. wet. Grzegorz Gudz \u2013 szczepienia ochronne&#8230;<\/p>\n","protected":false},"author":1,"featured_media":0,"parent":0,"menu_order":0,"comment_status":"closed","ping_status":"closed","template":"","meta":{"footnotes":""},"class_list":["post-766","page","type-page","status-publish","hentry"],"_links":{"self":[{"href":"https:\/\/www.piwjar.pl\/index.php?rest_route=\/wp\/v2\/pages\/766","targetHints":{"allow":["GET"]}}],"collection":[{"href":"https:\/\/www.piwjar.pl\/index.php?rest_route=\/wp\/v2\/pages"}],"about":[{"href":"https:\/\/www.piwjar.pl\/index.php?rest_route=\/wp\/v2\/types\/page"}],"author":[{"embeddable":true,"href":"https:\/\/www.piwjar.pl\/index.php?rest_route=\/wp\/v2\/users\/1"}],"replies":[{"embeddable":true,"href":"https:\/\/www.piwjar.pl\/index.php?rest_route=%2Fwp%2Fv2%2Fcomments&post=766"}],"version-history":[{"count":7,"href":"https:\/\/www.piwjar.pl\/index.php?rest_route=\/wp\/v2\/pages\/766\/revisions"}],"predecessor-version":[{"id":778,"href":"https:\/\/www.piwjar.pl\/index.php?rest_route=\/wp\/v2\/pages\/766\/revisions\/778"}],"wp:attachment":[{"href":"https:\/\/www.piwjar.pl\/index.php?rest_route=%2Fwp%2Fv2%2Fmedia&parent=766"}],"curies":[{"name":"wp","href":"https:\/\/api.w.org\/{rel}","templated":true}]}}