{"id":748,"date":"2024-12-23T11:56:57","date_gmt":"2024-12-23T10:56:57","guid":{"rendered":"https:\/\/www.piwjar.pl\/?page_id=748"},"modified":"2024-12-30T12:43:34","modified_gmt":"2024-12-30T11:43:34","slug":"sygnalisci","status":"publish","type":"page","link":"https:\/\/www.piwjar.pl\/?page_id=748","title":{"rendered":"Sygnali\u015bci"},"content":{"rendered":"<p style=\"text-align: center;\"><strong>Zg\u0142oszenia zewn\u0119trzne sygnalist\u00f3w.<\/strong><\/p>\n<p style=\"text-align: center;\"><a href=\"https:\/\/www.piwjar.pl\/wp-content\/uploads\/2024\/12\/Procedura-zgloszen-zewnetrzych-1.pdf\">Informacja<\/a><\/p>\n<p style=\"text-align: center;\"><a href=\"https:\/\/www.piwjar.pl\/wp-content\/uploads\/2024\/12\/Klauzula-informacyjna-RODO-dla-sygnalisty.pdf\">Klauzula informacyjna RODO dla sygnalisty w PIW Jaros\u0142aw<\/a><\/p>\n<p style=\"text-align: center;\">\n","protected":false},"excerpt":{"rendered":"<p>Zg\u0142oszenia zewn\u0119trzne sygnalist\u00f3w. Informacja Klauzula informacyjna RODO dla sygnalisty w PIW Jaros\u0142aw<\/p>\n","protected":false},"author":1,"featured_media":0,"parent":0,"menu_order":0,"comment_status":"closed","ping_status":"closed","template":"","meta":{"footnotes":""},"class_list":["post-748","page","type-page","status-publish","hentry"],"_links":{"self":[{"href":"https:\/\/www.piwjar.pl\/index.php?rest_route=\/wp\/v2\/pages\/748","targetHints":{"allow":["GET"]}}],"collection":[{"href":"https:\/\/www.piwjar.pl\/index.php?rest_route=\/wp\/v2\/pages"}],"about":[{"href":"https:\/\/www.piwjar.pl\/index.php?rest_route=\/wp\/v2\/types\/page"}],"author":[{"embeddable":true,"href":"https:\/\/www.piwjar.pl\/index.php?rest_route=\/wp\/v2\/users\/1"}],"replies":[{"embeddable":true,"href":"https:\/\/www.piwjar.pl\/index.php?rest_route=%2Fwp%2Fv2%2Fcomments&post=748"}],"version-history":[{"count":5,"href":"https:\/\/www.piwjar.pl\/index.php?rest_route=\/wp\/v2\/pages\/748\/revisions"}],"predecessor-version":[{"id":761,"href":"https:\/\/www.piwjar.pl\/index.php?rest_route=\/wp\/v2\/pages\/748\/revisions\/761"}],"wp:attachment":[{"href":"https:\/\/www.piwjar.pl\/index.php?rest_route=%2Fwp%2Fv2%2Fmedia&parent=748"}],"curies":[{"name":"wp","href":"https:\/\/api.w.org\/{rel}","templated":true}]}}