{"id":19,"date":"2021-12-15T10:27:48","date_gmt":"2021-12-15T09:27:48","guid":{"rendered":"http:\/\/piwjar.pl\/?page_id=19"},"modified":"2025-03-20T14:55:56","modified_gmt":"2025-03-20T13:55:56","slug":"deklaracja-dostepnosci","status":"publish","type":"page","link":"https:\/\/www.piwjar.pl\/?page_id=19","title":{"rendered":"Deklaracja dost\u0119pno\u015bci"},"content":{"rendered":"<p style=\"text-align: center;\">Powiatowy Inspektorat Weterynarii z\/s w Jaros\u0142awiu zobowi\u0105zuje si\u0119 zapewni\u0107 dost\u0119pno\u015b\u0107 cyfrow\u0105 swojej strony internetowej http:\/\/www.piwjar.pl zgodnie z Ustaw\u0105 z dnia 4 kwietnia 2019 r. o dost\u0119pno\u015bci cyfrowej stron internetowych i aplikacji mobilnych podmiot\u00f3w publicznych. O\u015bwiadczenie w sprawie dost\u0119pno\u015bci ma zastosowanie do strony internetowej http:\/\/www.piwjar.pl.. Data ostatniej istotnej aktualizacji: 30.03.2023 r.<\/p>\n<p>&nbsp;<\/p>\n<p style=\"text-align: center;\"><strong>Przystanki komunikacji zbiorowej w pobli\u017cu obiektu:<\/strong><\/p>\n<p style=\"text-align: center;\">&#8211;\u00a0 Dworzec <strong>PKS<\/strong>\u00a0 ul. Pruchnika ST1,<br \/>\n&#8211;\u00a0 Dworzek <strong>PKP<br \/>\n<\/strong>&#8211;\u00a0 Przystanek <strong>autobusowy<\/strong> ( przy uczelnie PWSTE )<\/p>\n<p style=\"text-align: center;\"><strong><br \/>\nDane teleadresowe jednostki:<\/strong><br \/>\nPowiatowy Inspektorat Weterynarii z siedzib\u0105 w Jaros\u0142awiu<br \/>\nul. Pruchnicka 6<br \/>\n37-500 Jaros\u0142aw<br \/>\ntel: <span style=\"color: #ff0000;\"><strong>16\u00a0621 31 97<\/strong><\/span><br \/>\ne-mail: jaroslaw.piw@wetgiw.gov.pl<br \/>\nwww: http:\/\/www.piwjar.pl<\/p>\n<p style=\"text-align: center;\"><strong>Informacja o dost\u0119pno\u015bci cyfrowej<\/strong><br \/>\nStrona internetowa jest cz\u0119\u015bciowo zgodna z ustaw\u0105 o dost\u0119pno\u015bci cyfrowej stron internetowych i aplikacji mobilnych podmiot\u00f3w publicznych, z powodu wy\u0142\u0105cze\u0144 :<\/p>\n<p style=\"text-align: center;\"><em><strong>Tre\u015bci niedost\u0119pne:<\/strong><\/em><\/p>\n<p style=\"text-align: center;\">&#8211; pliki PDF, DOC itp,<br \/>\n&#8211; redaktorzy staraj\u0105 si\u0119 ogranicza\u0107 do minimum korzystanie z takich plik\u00f3w i osadza\u0107 teksty bezpo\u015brednio w serwisie,<br \/>\n&#8211; brak opis\u00f3w alternatywnych i tytu\u0142\u00f3w dla cz\u0119\u015bci zdj\u0119\u0107 i grafik,<br \/>\n&#8211; mog\u0105 zdarzy\u0107 si\u0119 sytuacje, \u017ce pomimo stara\u0144 redaktor\u00f3w serwisu, pewne dokumenty opublikowane na stronie s\u0105 niedost\u0119pne z uwagi na fakt, \u017ce zosta\u0142y opublikowane przed wej\u015bciem w \u017cycie ustawy o dost\u0119pno\u015bci cyfrowej,<\/p>\n<p style=\"text-align: center;\">Deklaracj\u0119 sporz\u0105dzono na podstawie samooceny przeprowadzonej przez podmiot publiczny.<br \/>\nNa stronie internetowej mo\u017cna korzysta\u0107 ze standardowych skr\u00f3t\u00f3w klawiaturowych.<\/p>\n<p style=\"text-align: center;\"><strong>Aplikacje mobilne<\/strong><br \/>\nJednostka nie posiada aplikacji mobilnej.<\/p>\n<p style=\"text-align: center;\"><strong>Dost\u0119pno\u015b\u0107 architektoniczna<\/strong><br \/>\nWej\u015bcie do budynku Powiatowego Inspektoratu Weterynarii z\/s w Jaros\u0142awiu jest mo\u017cliwe w godzinach pracy urz\u0119du.<br \/>\nPrzy wej\u015bciu g\u0142\u00f3wnym do PIW znajduje si\u0119 podjazd dla w\u00f3zk\u00f3w inwalidzkich po\u0142\u0105czony z recepcja.<br \/>\nPo zg\u0142oszeniu ch\u0119ci wej\u015bcia jest mo\u017cliwy wjazd osoby na w\u00f3zku do budynku PIW.<br \/>\nDla os\u00f3b na w\u00f3zku dost\u0119pny jest na parterze tylko korytarz.<br \/>\nPrzed budynkiem jest miejsce parkingowe dla osoby niepe\u0142nosprawnej.<br \/>\nParking jest og\u00f3lnodost\u0119pny, nie wyst\u0119puj\u0105 problemyz zaparkowaniem samochodu.<br \/>\nNie ma przeciwwskaza\u0144 do wst\u0119pu na teren Inspektoratu z psem asystuj\u0105cym.<br \/>\nBrak jest systemu naprowadzaj\u0105cego osoby niewidome i s\u0142abowidz\u0105ce.<br \/>\nW budynku nie ma oznacze\u0144 w alfabecie Braille\u2019a ani oznacze\u0144 kontrastowych lub w druku powi\u0119kszonym dla os\u00f3b niewidomych i s\u0142abowidz\u0105cych.<br \/>\nW urz\u0119dzie nie ma p\u0119tli indukcyjnych.<br \/>\nW urz\u0119dzie nie ma wyznaczonej osoby do t\u0142umaczenia j\u0119zyka migowego.<\/p>\n<p style=\"text-align: center;\"><strong>Przygotowanie o\u015bwiadczenia w sprawie dost\u0119pno\u015bci<\/strong><br \/>\nNiniejsze o\u015bwiadczenie sporz\u0105dzono dnia: 30.03.2023 r.<br \/>\nDeklaracj\u0119 sporz\u0105dzono na podstawie samooceny przeprowadzonej przez podmiot publiczny.<br \/>\nO\u015bwiadczenie zosta\u0142o ostatnio poddane przegl\u0105dowi w dniu: 30.03.2023 r.<\/p>\n<p style=\"text-align: center;\"><strong>Informacje zwrotne i dane kontaktowe<\/strong><br \/>\nWszelkie nieprawid\u0142owo\u015bci w zakresie zgodno\u015bci oraz wyst\u0119powania o informacje i tre\u015bci nale\u017cy zg\u0142asza\u0107 koordynatorowi ds. dost\u0119pno\u015bci Powiatowego Inspektoratu Weterynarii z\/s w Jaros\u0142awiu.<br \/>\nOsoba do kontaktu w sprawie dost\u0119pno\u015bci cyfrowej i architektonicznej:<br \/>\nKoordynator ds. dost\u0119pno\u015bci Powiatowego Inspektoratu Weterynarii z siedzib\u0105 w Jaros\u0142awiu<br \/>\nMicha\u0142 P\u0142osko\u0144<br \/>\ne-mail: m.ploskon@piwjar.pl<\/p>\n<p style=\"text-align: center;\">Je\u017celi \u017cadne z zaproponowanych rozwi\u0105za\u0144 nie spe\u0142ni\u0105 oczekiwa\u0144, mo\u017cna z\u0142o\u017cy\u0107 wniosek do\u00a0<a href=\"http:\/\/www.rpo.gov.pl\/\">Rzecznika Praw Obywatelskich.<\/a><\/p>\n<p>&nbsp;<\/p>\n<p style=\"text-align: center;\"><a href=\"https:\/\/www.piwjar.pl\/wp-content\/uploads\/2025\/03\/raport_dostepnosci.pdf\">Raport o stanie zapewnienia dost\u0119pno\u015bci<\/a><\/p>\n<p>&nbsp;<\/p>\n","protected":false},"excerpt":{"rendered":"<p>Powiatowy Inspektorat Weterynarii z\/s w Jaros\u0142awiu zobowi\u0105zuje si\u0119 zapewni\u0107 dost\u0119pno\u015b\u0107 cyfrow\u0105 swojej strony internetowej http:\/\/www.piwjar.pl zgodnie z Ustaw\u0105 z dnia 4 kwietnia 2019 r. o dost\u0119pno\u015bci cyfrowej stron internetowych i aplikacji mobilnych podmiot\u00f3w publicznych. O\u015bwiadczenie w sprawie dost\u0119pno\u015bci ma zastosowanie do strony internetowej http:\/\/www.piwjar.pl.. Data ostatniej istotnej aktualizacji: 30.03.2023 r. &nbsp; Przystanki komunikacji zbiorowej w&#8230;<\/p>\n","protected":false},"author":2,"featured_media":0,"parent":0,"menu_order":0,"comment_status":"closed","ping_status":"closed","template":"","meta":{"footnotes":""},"class_list":["post-19","page","type-page","status-publish","hentry"],"_links":{"self":[{"href":"https:\/\/www.piwjar.pl\/index.php?rest_route=\/wp\/v2\/pages\/19","targetHints":{"allow":["GET"]}}],"collection":[{"href":"https:\/\/www.piwjar.pl\/index.php?rest_route=\/wp\/v2\/pages"}],"about":[{"href":"https:\/\/www.piwjar.pl\/index.php?rest_route=\/wp\/v2\/types\/page"}],"author":[{"embeddable":true,"href":"https:\/\/www.piwjar.pl\/index.php?rest_route=\/wp\/v2\/users\/2"}],"replies":[{"embeddable":true,"href":"https:\/\/www.piwjar.pl\/index.php?rest_route=%2Fwp%2Fv2%2Fcomments&post=19"}],"version-history":[{"count":18,"href":"https:\/\/www.piwjar.pl\/index.php?rest_route=\/wp\/v2\/pages\/19\/revisions"}],"predecessor-version":[{"id":789,"href":"https:\/\/www.piwjar.pl\/index.php?rest_route=\/wp\/v2\/pages\/19\/revisions\/789"}],"wp:attachment":[{"href":"https:\/\/www.piwjar.pl\/index.php?rest_route=%2Fwp%2Fv2%2Fmedia&parent=19"}],"curies":[{"name":"wp","href":"https:\/\/api.w.org\/{rel}","templated":true}]}}